{"id":3100,"date":"2026-02-19T13:22:01","date_gmt":"2026-02-19T13:22:01","guid":{"rendered":"https:\/\/www.doncarlospeguera.com\/?page_id=3100"},"modified":"2026-03-11T13:12:36","modified_gmt":"2026-03-11T13:12:36","slug":"declaracion-accesibilidad","status":"publish","type":"page","link":"https:\/\/doncarlospeguera.com\/declaracion-accesibilidad\/","title":{"rendered":"Declaraci\u00f3n de Accesibilidad"},"content":{"rendered":"\t\t<div data-elementor-type=\"wp-page\" data-elementor-id=\"3100\" class=\"elementor elementor-3100\" data-elementor-post-type=\"page\">\n\t\t\t\t<div class=\"elementor-element elementor-element-4db7ec68 e-flex e-con-boxed parallax_section_no qode_elementor_container_no e-con e-parent\" data-id=\"4db7ec68\" data-element_type=\"container\" data-e-type=\"container\">\n\t\t\t\t\t<div class=\"e-con-inner\">\n\t\t\t\t<div class=\"elementor-element elementor-element-138633a elementor-widget elementor-widget-text-editor\" data-id=\"138633a\" data-element_type=\"widget\" data-e-type=\"widget\" data-widget_type=\"text-editor.default\">\n\t\t\t\t\t\t\t\t\t<h2>Declaraci\u00f3n de accesibilidad<\/h2>\n<h2>\u00a0<\/h2>\t\t\t\t\t\t\t\t<\/div>\n\t\t\t\t<div class=\"elementor-element elementor-element-6660294b elementor-widget elementor-widget-text-editor\" data-id=\"6660294b\" data-element_type=\"widget\" data-e-type=\"widget\" data-widget_type=\"text-editor.default\">\n\t\t\t\t\t\t\t\t\t\n<p>El organismo <strong>Hostal Don Carlos C.B.<\/strong> se ha comprometido a hacer accesible <a href=\"https:\/\/doncarlospeguera.com\/\">doncarlospeguera.com<\/a> de conformidad con el Real Decreto 1112\/2018, de 7 de septiembre, sobre accesibilidad de los sitios web y aplicaciones para dispositivos m\u00f3viles del sector p\u00fablico.<\/p>\n<p>\u00a0<\/p>\n\n<p>La presente declaraci\u00f3n de accesibilidad se aplica al sitio web: <a href=\"https:\/\/doncarlospeguera.com\/\">doncarlospeguera.com<\/a>. Este sitio web es plenamente conforme con RD 1112\/2018.<\/p>\n<p>\u00a0<\/p>\n\n<p>La presente declaraci\u00f3n fue preparada el 11 de marzo del 2026.<\/p>\n<p>\u00a0<\/p>\n\n<p>El m\u00e9todo empleado para preparar la declaraci\u00f3n ha sido una autoevaluaci\u00f3n llevada a cabo por el propio organismo.<\/p>\n\n<p>\u00a0<\/p>\n\n<p>\u00a0<\/p>\n\t\t\t\t\t\t\t\t<\/div>\n\t\t\t\t\t<\/div>\n\t\t\t\t<\/div>\n\t\t\t\t<\/div>\n\t\t","protected":false},"excerpt":{"rendered":"<p>Declaraci\u00f3n de accesibilidad \u00a0 El organismo Hostal Don Carlos C.B. se ha comprometido a hacer accesible doncarlospeguera.com de conformidad con el Real Decreto 1112\/2018, de 7 de septiembre, sobre accesibilidad de los sitios web y aplicaciones para dispositivos m\u00f3viles del sector p\u00fablico. \u00a0 La presente&#8230;<\/p>\n","protected":false},"author":1,"featured_media":0,"parent":0,"menu_order":0,"comment_status":"closed","ping_status":"closed","template":"","meta":{"footnotes":""},"class_list":["post-3100","page","type-page","status-publish","hentry"],"yoast_head":"<!-- This site is optimized with the Yoast SEO plugin v27.1.1 - https:\/\/yoast.com\/product\/yoast-seo-wordpress\/ -->\r\n<title>Declaraci\u00f3n de Accesibilidad - Hotel Don Carlos<\/title>\r\n<meta name=\"description\" content=\"arantizar que el sitio web de Don Carlos Hotel Peguera sea accesible para todas las personas, incluidas aquellas con diversidad funcional.\" \/>\r\n<meta name=\"robots\" content=\"index, follow, max-snippet:-1, max-image-preview:large, max-video-preview:-1\" \/>\r\n<link rel=\"canonical\" href=\"https:\/\/doncarlospeguera.com\/declaracion-accesibilidad\/\" \/>\r\n<meta property=\"og:locale\" content=\"es_ES\" \/>\r\n<meta property=\"og:type\" content=\"article\" \/>\r\n<meta property=\"og:title\" content=\"Declaraci\u00f3n de Accesibilidad - Hotel Don Carlos\" \/>\r\n<meta property=\"og:description\" content=\"arantizar que el sitio web de Don Carlos Hotel Peguera sea accesible para todas las personas, incluidas aquellas con diversidad funcional.\" \/>\r\n<meta property=\"og:url\" content=\"https:\/\/doncarlospeguera.com\/declaracion-accesibilidad\/\" \/>\r\n<meta property=\"og:site_name\" content=\"Hotel Don Carlos\" \/>\r\n<meta property=\"article:modified_time\" content=\"2026-03-11T13:12:36+00:00\" \/>\r\n<meta name=\"twitter:card\" content=\"summary_large_image\" \/>\r\n<meta name=\"twitter:label1\" content=\"Tiempo de lectura\" \/>\n\t<meta name=\"twitter:data1\" content=\"1 minuto\" \/>\r\n<script type=\"application\/ld+json\" class=\"yoast-schema-graph\">{\"@context\":\"https:\/\/schema.org\",\"@graph\":[{\"@type\":\"WebPage\",\"@id\":\"https:\/\/doncarlospeguera.com\/declaracion-accesibilidad\/\",\"url\":\"https:\/\/doncarlospeguera.com\/declaracion-accesibilidad\/\",\"name\":\"Declaraci\u00f3n de Accesibilidad - Hotel Don Carlos\",\"isPartOf\":{\"@id\":\"https:\/\/doncarlospeguera.com\/#website\"},\"datePublished\":\"2026-02-19T13:22:01+00:00\",\"dateModified\":\"2026-03-11T13:12:36+00:00\",\"description\":\"arantizar que el sitio web de Don Carlos Hotel Peguera sea accesible para todas las personas, incluidas aquellas con diversidad funcional.\",\"breadcrumb\":{\"@id\":\"https:\/\/doncarlospeguera.com\/declaracion-accesibilidad\/#breadcrumb\"},\"inLanguage\":\"es\",\"potentialAction\":[{\"@type\":\"ReadAction\",\"target\":[\"https:\/\/doncarlospeguera.com\/declaracion-accesibilidad\/\"]}]},{\"@type\":\"BreadcrumbList\",\"@id\":\"https:\/\/doncarlospeguera.com\/declaracion-accesibilidad\/#breadcrumb\",\"itemListElement\":[{\"@type\":\"ListItem\",\"position\":1,\"name\":\"Portada\",\"item\":\"https:\/\/doncarlospeguera.com\/\"},{\"@type\":\"ListItem\",\"position\":2,\"name\":\"Declaraci\u00f3n de Accesibilidad\"}]},{\"@type\":\"WebSite\",\"@id\":\"https:\/\/doncarlospeguera.com\/#website\",\"url\":\"https:\/\/doncarlospeguera.com\/\",\"name\":\"Hotel Don Carlos\",\"description\":\"\",\"potentialAction\":[{\"@type\":\"SearchAction\",\"target\":{\"@type\":\"EntryPoint\",\"urlTemplate\":\"https:\/\/doncarlospeguera.com\/?s={search_term_string}\"},\"query-input\":{\"@type\":\"PropertyValueSpecification\",\"valueRequired\":true,\"valueName\":\"search_term_string\"}}],\"inLanguage\":\"es\"}]}<\/script>\r\n<!-- \/ Yoast SEO plugin. -->","yoast_head_json":{"title":"Declaraci\u00f3n de Accesibilidad - Hotel Don Carlos","description":"arantizar que el sitio web de Don Carlos Hotel Peguera sea accesible para todas las personas, incluidas aquellas con diversidad funcional.","robots":{"index":"index","follow":"follow","max-snippet":"max-snippet:-1","max-image-preview":"max-image-preview:large","max-video-preview":"max-video-preview:-1"},"canonical":"https:\/\/doncarlospeguera.com\/declaracion-accesibilidad\/","og_locale":"es_ES","og_type":"article","og_title":"Declaraci\u00f3n de Accesibilidad - Hotel Don Carlos","og_description":"arantizar que el sitio web de Don Carlos Hotel Peguera sea accesible para todas las personas, incluidas aquellas con diversidad funcional.","og_url":"https:\/\/doncarlospeguera.com\/declaracion-accesibilidad\/","og_site_name":"Hotel Don Carlos","article_modified_time":"2026-03-11T13:12:36+00:00","twitter_card":"summary_large_image","twitter_misc":{"Tiempo de lectura":"1 minuto"},"schema":{"@context":"https:\/\/schema.org","@graph":[{"@type":"WebPage","@id":"https:\/\/doncarlospeguera.com\/declaracion-accesibilidad\/","url":"https:\/\/doncarlospeguera.com\/declaracion-accesibilidad\/","name":"Declaraci\u00f3n de Accesibilidad - Hotel Don Carlos","isPartOf":{"@id":"https:\/\/doncarlospeguera.com\/#website"},"datePublished":"2026-02-19T13:22:01+00:00","dateModified":"2026-03-11T13:12:36+00:00","description":"arantizar que el sitio web de Don Carlos Hotel Peguera sea accesible para todas las personas, incluidas aquellas con diversidad funcional.","breadcrumb":{"@id":"https:\/\/doncarlospeguera.com\/declaracion-accesibilidad\/#breadcrumb"},"inLanguage":"es","potentialAction":[{"@type":"ReadAction","target":["https:\/\/doncarlospeguera.com\/declaracion-accesibilidad\/"]}]},{"@type":"BreadcrumbList","@id":"https:\/\/doncarlospeguera.com\/declaracion-accesibilidad\/#breadcrumb","itemListElement":[{"@type":"ListItem","position":1,"name":"Portada","item":"https:\/\/doncarlospeguera.com\/"},{"@type":"ListItem","position":2,"name":"Declaraci\u00f3n de Accesibilidad"}]},{"@type":"WebSite","@id":"https:\/\/doncarlospeguera.com\/#website","url":"https:\/\/doncarlospeguera.com\/","name":"Hotel Don Carlos","description":"","potentialAction":[{"@type":"SearchAction","target":{"@type":"EntryPoint","urlTemplate":"https:\/\/doncarlospeguera.com\/?s={search_term_string}"},"query-input":{"@type":"PropertyValueSpecification","valueRequired":true,"valueName":"search_term_string"}}],"inLanguage":"es"}]}},"_links":{"self":[{"href":"https:\/\/doncarlospeguera.com\/wp-json\/wp\/v2\/pages\/3100","targetHints":{"allow":["GET"]}}],"collection":[{"href":"https:\/\/doncarlospeguera.com\/wp-json\/wp\/v2\/pages"}],"about":[{"href":"https:\/\/doncarlospeguera.com\/wp-json\/wp\/v2\/types\/page"}],"author":[{"embeddable":true,"href":"https:\/\/doncarlospeguera.com\/wp-json\/wp\/v2\/users\/1"}],"replies":[{"embeddable":true,"href":"https:\/\/doncarlospeguera.com\/wp-json\/wp\/v2\/comments?post=3100"}],"version-history":[{"count":6,"href":"https:\/\/doncarlospeguera.com\/wp-json\/wp\/v2\/pages\/3100\/revisions"}],"predecessor-version":[{"id":3279,"href":"https:\/\/doncarlospeguera.com\/wp-json\/wp\/v2\/pages\/3100\/revisions\/3279"}],"wp:attachment":[{"href":"https:\/\/doncarlospeguera.com\/wp-json\/wp\/v2\/media?parent=3100"}],"curies":[{"name":"wp","href":"https:\/\/api.w.org\/{rel}","templated":true}]}}